{"id":95,"date":"2020-01-05T15:48:56","date_gmt":"2020-01-05T14:48:56","guid":{"rendered":"http:\/\/ingridaubry.be\/?page_id=95"},"modified":"2024-07-26T06:50:42","modified_gmt":"2024-07-26T04:50:42","slug":"ptite-biographie","status":"publish","type":"page","link":"https:\/\/ingridaubry.be\/index.php\/accueil\/ptite-biographie\/","title":{"rendered":"P&rsquo;tite biographie"},"content":{"rendered":"\n<figure class=\"wp-block-image size-large\"><img loading=\"lazy\" decoding=\"async\" width=\"1024\" height=\"891\" src=\"https:\/\/ingridaubry.be\/wp-content\/uploads\/2020\/08\/Portrait-1024x891.jpg\" alt=\"\" class=\"wp-image-267\" srcset=\"https:\/\/ingridaubry.be\/wp-content\/uploads\/2020\/08\/Portrait-1024x891.jpg 1024w, https:\/\/ingridaubry.be\/wp-content\/uploads\/2020\/08\/Portrait-300x261.jpg 300w, https:\/\/ingridaubry.be\/wp-content\/uploads\/2020\/08\/Portrait-768x669.jpg 768w, https:\/\/ingridaubry.be\/wp-content\/uploads\/2020\/08\/Portrait-1536x1337.jpg 1536w, https:\/\/ingridaubry.be\/wp-content\/uploads\/2020\/08\/Portrait-1200x1045.jpg 1200w, https:\/\/ingridaubry.be\/wp-content\/uploads\/2020\/08\/Portrait.jpg 1947w\" sizes=\"(max-width: 1024px) 100vw, 1024px\" \/><\/figure>\n\n\n\n<p>Je suis n\u00e9e le 21 juin 1965 \u00e0 Charleroi. Depuis mon enfance, j\u2019adore raconter des histoires. Ma passion pour les arts et la culture m\u2019a naturellement pouss\u00e9e vers des \u00e9tudes litt\u00e9raires et je suis devenue professeure de langues romanes (fran\u00e7ais \u2013 italien).<\/p>\n\n\n\n<p>En 2020, j\u2019ai publi\u00e9 en auto\u00e9dition mon premier roman \u00ab&nbsp;Ecce Homo&nbsp;\u00bb, un r\u00e9cit d\u2019anticipation traitant de la probl\u00e9matique de l\u2019intelligence artificielle.<\/p>\n\n\n\n<p>En 2023, sort, toujours en auto\u00e9dition, \u00ab\u00a0Mon petit laboratoire d\u2019\u00e9criture\u00a0\u00bb, un livre qui dispense quelques astuces et techniques pour \u00e9laborer un roman, une nouvelle, une biographie\u2026 <\/p>\n\n\n\n<p>En mai 2024, para\u00eet mon deuxi\u00e8me roman, \u00ab\u00a0Anastasis\u00a0\u00bb chez un \u00e9diteur belge de Tournai, <em>La Lucarne ind\u00e9cente<\/em>. Il s\u2019agit d\u2019une histoire fantastique teint\u00e9e de mythologie grecque.<\/p>\n","protected":false},"excerpt":{"rendered":"<p>Je suis n\u00e9e le 21 juin 1965 \u00e0 Charleroi. Depuis mon enfance, j\u2019adore raconter des histoires. Ma passion pour les arts et la culture m\u2019a naturellement pouss\u00e9e vers des \u00e9tudes litt\u00e9raires et je suis devenue professeure de langues romanes (fran\u00e7ais \u2013 italien). En 2020, j\u2019ai publi\u00e9 en auto\u00e9dition mon premier roman \u00ab&nbsp;Ecce Homo&nbsp;\u00bb, un r\u00e9cit [&hellip;]<\/p>\n","protected":false},"author":1,"featured_media":0,"parent":27,"menu_order":0,"comment_status":"closed","ping_status":"closed","template":"","meta":{"footnotes":""},"class_list":["post-95","page","type-page","status-publish","hentry"],"_links":{"self":[{"href":"https:\/\/ingridaubry.be\/index.php\/wp-json\/wp\/v2\/pages\/95"}],"collection":[{"href":"https:\/\/ingridaubry.be\/index.php\/wp-json\/wp\/v2\/pages"}],"about":[{"href":"https:\/\/ingridaubry.be\/index.php\/wp-json\/wp\/v2\/types\/page"}],"author":[{"embeddable":true,"href":"https:\/\/ingridaubry.be\/index.php\/wp-json\/wp\/v2\/users\/1"}],"replies":[{"embeddable":true,"href":"https:\/\/ingridaubry.be\/index.php\/wp-json\/wp\/v2\/comments?post=95"}],"version-history":[{"count":6,"href":"https:\/\/ingridaubry.be\/index.php\/wp-json\/wp\/v2\/pages\/95\/revisions"}],"predecessor-version":[{"id":304,"href":"https:\/\/ingridaubry.be\/index.php\/wp-json\/wp\/v2\/pages\/95\/revisions\/304"}],"up":[{"embeddable":true,"href":"https:\/\/ingridaubry.be\/index.php\/wp-json\/wp\/v2\/pages\/27"}],"wp:attachment":[{"href":"https:\/\/ingridaubry.be\/index.php\/wp-json\/wp\/v2\/media?parent=95"}],"curies":[{"name":"wp","href":"https:\/\/api.w.org\/{rel}","templated":true}]}}